{"id":765,"date":"2018-01-13T16:38:36","date_gmt":"2018-01-13T16:38:36","guid":{"rendered":"https:\/\/www.kmetija-ramsak.si\/?page_id=765"},"modified":"2018-02-06T17:37:50","modified_gmt":"2018-02-06T17:37:50","slug":"chi-siamo","status":"publish","type":"page","link":"https:\/\/www.kmetija-ramsak.si\/it\/chi-siamo\/","title":{"rendered":"Chi siamo"},"content":{"rendered":"<p><div  class=\"fusion-fullwidth fullwidth-box nonhundred-percent-fullwidth\"  style='background-color: rgba(255,255,255,0);background-position: center center;background-repeat: no-repeat;padding-top:0px;padding-right:0px;padding-bottom:0px;padding-left:0px;'><div class=\"fusion-builder-row fusion-row \"><div  class=\"fusion-layout-column fusion_builder_column fusion_builder_column_1_1  fusion-one-full fusion-column-first fusion-column-last 1_1\"  style='margin-top:0px;margin-bottom:0px;'>\n\t\t\t\t\t<div class=\"fusion-column-wrapper\" style=\"background-position:left top;background-repeat:no-repeat;-webkit-background-size:cover;-moz-background-size:cover;-o-background-size:cover;background-size:cover;\"  data-bg-url=\"\">\n\t\t\t\t\t\t<div class=\"fusion-title title fusion-title-center fusion-title-size-two\" style=\"margin-top:40px;margin-bottom:25px;\"><div class=\"title-sep-container title-sep-container-left\"><div class=\"title-sep sep-single sep-solid\" style=\"border-color:#628f00;\"><\/div><\/div><h2 class=\"title-heading-center\">Chi siamo<\/h2><div class=\"title-sep-container title-sep-container-right\"><div class=\"title-sep sep-single sep-solid\" style=\"border-color:#628f00;\"><\/div><\/div><\/div><div class=\"fusion-content-boxes content-boxes columns row fusion-columns-1 fusion-columns-total-1 fusion-content-boxes-1 content-boxes-icon-with-title content-left\" data-animationOffset=\"100%\" style=\"margin-top:0px;margin-bottom:60px;\"><style type=\"text\/css\" scoped=\"scoped\">.fusion-content-boxes-1 .heading h2{color:#90a8ad;}\n\t\t\t\t\t.fusion-content-boxes-1 .fusion-content-box-hover .link-area-link-icon-hover .heading h2,\n\t\t\t\t\t.fusion-content-boxes-1 .fusion-content-box-hover .link-area-link-icon-hover .heading .heading-link h2,\n\t\t\t\t\t.fusion-content-boxes-1 .fusion-content-box-hover .link-area-box-hover .heading h2,\n\t\t\t\t\t.fusion-content-boxes-1 .fusion-content-box-hover .link-area-box-hover .heading .heading-link h2,\n\t\t\t\t\t.fusion-content-boxes-1 .fusion-content-box-hover .link-area-link-icon-hover.link-area-box .fusion-read-more,\n\t\t\t\t\t.fusion-content-boxes-1 .fusion-content-box-hover .link-area-link-icon-hover.link-area-box .fusion-read-more::after,\n\t\t\t\t\t.fusion-content-boxes-1 .fusion-content-box-hover .link-area-link-icon-hover.link-area-box .fusion-read-more::before,\n\t\t\t\t\t.fusion-content-boxes-1 .fusion-content-box-hover .fusion-read-more:hover:after,\n\t\t\t\t\t.fusion-content-boxes-1 .fusion-content-box-hover .fusion-read-more:hover:before,\n\t\t\t\t\t.fusion-content-boxes-1 .fusion-content-box-hover .fusion-read-more:hover,\n\t\t\t\t\t.fusion-content-boxes-1 .fusion-content-box-hover .link-area-box-hover.link-area-box .fusion-read-more,\n\t\t\t\t\t.fusion-content-boxes-1 .fusion-content-box-hover .link-area-box-hover.link-area-box .fusion-read-more::after,\n\t\t\t\t\t.fusion-content-boxes-1 .fusion-content-box-hover .link-area-box-hover.link-area-box .fusion-read-more::before,\n\t\t\t\t\t.fusion-content-boxes-1 .fusion-content-box-hover .link-area-link-icon-hover .icon .circle-no,\n\t\t\t\t\t.fusion-content-boxes-1 .heading .heading-link:hover .content-box-heading {\n\t\t\t\t\t\tcolor: #a0ce4e;\n\t\t\t\t\t}\n\t\t\t\t\t.fusion-content-boxes-1 .fusion-content-box-hover .link-area-box-hover .icon .circle-no {\n\t\t\t\t\t\tcolor: #a0ce4e !important;\n\t\t\t\t\t}.fusion-content-boxes-1 .fusion-content-box-hover .link-area-box.link-area-box-hover .fusion-content-box-button {background: #aad75b;color: #638e1a;background-image: -webkit-gradient( linear, left bottom, left top, from( #d1e990 ), to( #aad75b ) );background-image: linear-gradient( to top, #d1e990, #aad75b )}.fusion-content-boxes-1 .fusion-content-box-hover .link-area-box.link-area-box-hover .fusion-content-box-button .fusion-button-text {color: #638e1a;}\n\t\t\t\t\t.fusion-content-boxes-1 .fusion-content-box-hover .link-area-link-icon-hover .heading .icon > span {\n\t\t\t\t\t\tbackground-color: #a0ce4e !important;\n\t\t\t\t\t}\n\t\t\t\t\t.fusion-content-boxes-1 .fusion-content-box-hover .link-area-box-hover .heading .icon > span {\n\t\t\t\t\t\tborder-color: #a0ce4e !important;\n\t\t\t\t\t}<\/style><div class=\"fusion-column content-box-column content-box-column content-box-column-1 col-lg-12 col-md-12 col-sm-12 fusion-content-box-hover  content-box-column-last content-box-column-last-in-row\"><div class=\"col content-wrapper link-area-link-icon icon-hover-animation-fade\" style=\"background-color:rgba(255,255,255,0);\" data-animationOffset=\"100%\"><div class=\"fusion-clearfix\"><\/div><div class=\"content-container\" style=\"color:#747474;\">\n<p style=\"text-align: center;\">La storia della nostra fattoria presenta una lunga tradizione che passa da generazione a generazione. La fattoria di Mernik, detta dai locali Ram\u0161akova, giace sull\u2019ultimo versante del regione del Pohorje sotto il monte Pade\u0161ki vrh. Nascosta negli avvallamenti erbosi da anni resiste ai venti freddi di Pohorje e orgogliosa attende le nuove primavere. Le foreste di Pohorje sono qualcosa di speciale.\u00a0Scure, ricche e cariche di odori. Qui trovate sia selvaggina che frutti di bosco in abbondanza. L\u2019aria che respirate qui da noi \u00e8 pura salute.<\/p>\n<p style=\"text-align: center;\">La fattoria \u00e8 situata sotto il monte Pade\u0161ki vrh a met\u00e0 della strada che porta da Zre\u010de verso Rogla. Negli anno novanta, pi\u00f9 precisamente nel 1994, ci siamo decisi di trasformare la fattoria in un\u2019azienda di agriturismo, mentre nel 1999 abbiamo chiesto e ottenuto il certificato per la produzione biologica.<\/p>\n<p style=\"text-align: center;\">Sotto il tetto della fattoria, abbiamo allestito 5 camere con 15 posti letto e una cucina. Qui tratteniamo i nostri ospiti con la preparazione di piatti tradizionali quasi dimenticati, preparati con le materie prime biologiche locali.<\/p>\n<p style=\"text-align: center;\">Portate la vostra famiglia qui nell\u2019area di Zre\u010de sul Pohorje, saremo lieti di ospitarvi, dato che tutti coloro che ci fanno visita ci rendono felici.\u00a0Con voi desideriamo condividere la verit\u00e0 che portiamo nei nostri cuori, quella verit\u00e0 che ci viene dall\u2019aver fiducia in noi stessi, nel nostro lavoro fatto di fatica, ma anche di gratitudine.<\/p>\n<p style=\"text-align: center;\" align=\"center\"><span lang=\"DE\"><img loading=\"lazy\" class=\"alignnone size-full wp-image-33\" src=\"https:\/\/www.kmetija-ramsak.si\/wp-content\/uploads\/2016\/05\/rose.png\" alt=\"\" width=\"39\" height=\"44\" \/>\u00a0<\/span><\/p>\n<p style=\"text-align: center;\">LA VERITA? STA NEI CUORI&#8230;.!<\/p>\n<p style=\"text-align: center;\">Ram\u0161akovi<\/p>\n<\/div><\/div><\/div><div class=\"fusion-clearfix\"><\/div><style type=\"text\/css\" scoped=\"scoped\">\n\t\t\t\t\t\t.fusion-content-boxes-1 .fusion-content-box-hover .heading-link:hover .icon i.circle-yes,\n\t\t\t\t\t\t.fusion-content-boxes-1 .fusion-content-box-hover .link-area-box:hover .heading-link .icon i.circle-yes,\n\t\t\t\t\t\t.fusion-content-boxes-1 .fusion-content-box-hover .link-area-link-icon-hover .heading .icon i.circle-yes,\n\t\t\t\t\t\t.fusion-content-boxes-1 .fusion-content-box-hover .link-area-box-hover .heading .icon i.circle-yes {\n\t\t\t\t\t\t\tbackground-color: #a0ce4e !important;\n\t\t\t\t\t\t\tborder-color: #a0ce4e !important;\n\t\t\t\t\t\t}<\/style><div class=\"fusion-clearfix\"><\/div><\/div><div class=\"fusion-clearfix\"><\/div>\n\n\t\t\t\t\t<\/div>\n\t\t\t\t<\/div><\/div><\/div><div  class=\"fusion-fullwidth fullwidth-box nonhundred-percent-fullwidth\"  style='background-color: rgba(255,255,255,0);background-position: center center;background-repeat: no-repeat;padding-top:0px;padding-right:0px;padding-bottom:0px;padding-left:0px;'><div class=\"fusion-builder-row fusion-row \"><div  class=\"fusion-layout-column fusion_builder_column fusion_builder_column_1_1  fusion-one-full fusion-column-first fusion-column-last 1_1\"  style='margin-top:0px;margin-bottom:0px;'>\n\t\t\t\t\t<div class=\"fusion-column-wrapper\" style=\"background-position:left top;background-repeat:no-repeat;-webkit-background-size:cover;-moz-background-size:cover;-o-background-size:cover;background-size:cover;\"  data-bg-url=\"\">\n\t\t\t\t\t\t<div class=\"imageframe-align-center\"><span class=\"fusion-imageframe imageframe-none imageframe-1 hover-type-none\"><img loading=\"lazy\" src=\"https:\/\/www.kmetija-ramsak.si\/wp-content\/uploads\/2018\/01\/received_10209011148057570-1.jpeg\" width=\"2048\" height=\"1366\" alt=\"\" title=\"received_10209011148057570\" class=\"img-responsive wp-image-658\" srcset=\"https:\/\/www.kmetija-ramsak.si\/wp-content\/uploads\/2018\/01\/received_10209011148057570-1-200x133.jpeg 200w, https:\/\/www.kmetija-ramsak.si\/wp-content\/uploads\/2018\/01\/received_10209011148057570-1-400x267.jpeg 400w, https:\/\/www.kmetija-ramsak.si\/wp-content\/uploads\/2018\/01\/received_10209011148057570-1-600x400.jpeg 600w, https:\/\/www.kmetija-ramsak.si\/wp-content\/uploads\/2018\/01\/received_10209011148057570-1-800x534.jpeg 800w, https:\/\/www.kmetija-ramsak.si\/wp-content\/uploads\/2018\/01\/received_10209011148057570-1-1200x800.jpeg 1200w, https:\/\/www.kmetija-ramsak.si\/wp-content\/uploads\/2018\/01\/received_10209011148057570-1.jpeg 2048w\" sizes=\"(max-width: 800px) 100vw, 1200px\" \/><\/span><\/div><div class=\"fusion-clearfix\"><\/div>\n\n\t\t\t\t\t<\/div>\n\t\t\t\t<\/div><\/div><\/div><\/p>\n","protected":false},"excerpt":{"rendered":"","protected":false},"author":1,"featured_media":0,"parent":0,"menu_order":0,"comment_status":"closed","ping_status":"closed","template":"","meta":[],"_links":{"self":[{"href":"https:\/\/www.kmetija-ramsak.si\/it\/wp-json\/wp\/v2\/pages\/765"}],"collection":[{"href":"https:\/\/www.kmetija-ramsak.si\/it\/wp-json\/wp\/v2\/pages"}],"about":[{"href":"https:\/\/www.kmetija-ramsak.si\/it\/wp-json\/wp\/v2\/types\/page"}],"author":[{"embeddable":true,"href":"https:\/\/www.kmetija-ramsak.si\/it\/wp-json\/wp\/v2\/users\/1"}],"replies":[{"embeddable":true,"href":"https:\/\/www.kmetija-ramsak.si\/it\/wp-json\/wp\/v2\/comments?post=765"}],"version-history":[{"count":3,"href":"https:\/\/www.kmetija-ramsak.si\/it\/wp-json\/wp\/v2\/pages\/765\/revisions"}],"predecessor-version":[{"id":888,"href":"https:\/\/www.kmetija-ramsak.si\/it\/wp-json\/wp\/v2\/pages\/765\/revisions\/888"}],"wp:attachment":[{"href":"https:\/\/www.kmetija-ramsak.si\/it\/wp-json\/wp\/v2\/media?parent=765"}],"curies":[{"name":"wp","href":"https:\/\/api.w.org\/{rel}","templated":true}]}}