{"id":781,"date":"2018-01-13T17:57:48","date_gmt":"2018-01-13T17:57:48","guid":{"rendered":"https:\/\/www.kmetija-ramsak.si\/?page_id=781"},"modified":"2026-04-20T05:00:22","modified_gmt":"2026-04-20T05:00:22","slug":"grundpreisliste","status":"publish","type":"page","link":"https:\/\/www.kmetija-ramsak.si\/de\/grundpreisliste\/","title":{"rendered":"Grundpreisliste"},"content":{"rendered":"<div  class=\"fusion-fullwidth fullwidth-box nonhundred-percent-fullwidth\"  style='background-color: rgba(255,255,255,0);background-position: center center;background-repeat: no-repeat;padding-top:0px;padding-right:0px;padding-left:0px;'><div class=\"fusion-builder-row fusion-row \"><div  class=\"fusion-layout-column fusion_builder_column fusion_builder_column_1_2  fusion-one-half fusion-column-first 1_2\"  style='margin-top:0px;margin-bottom:0px;width:50%;width:calc(50% - ( ( 4% ) * 0.5 ) );margin-right: 4%;'>\n\t\t\t\t\t<div class=\"fusion-column-wrapper\" style=\"padding: 20px 0px 0px 0px;background-position:left top;background-repeat:no-repeat;-webkit-background-size:cover;-moz-background-size:cover;-o-background-size:cover;background-size:cover;\"  data-bg-url=\"\">\n\t\t\t\t\t\t<table border=\"1\" cellspacing=\"0\">\n<tbody>\n<tr>\n<td align=\"center\" valign=\"top\" width=\"245\">\n<p align=\"center\">\u00dcbernachtung mit Fr\u00fchst\u00fcck<\/p>\n<p align=\"center\"><strong>Preis pro Nacht \/ Person<\/strong><\/p>\n<\/td>\n<td align=\"center\" valign=\"top\" width=\"223\">\n<p align=\"center\">Mieten<\/p>\n<p align=\"center\"><strong>Preis pro Nacht \/ Person<\/strong><\/p>\n<\/td>\n<\/tr>\n<tr>\n<td align=\"center\" valign=\"top\" width=\"245\">\n<p align=\"center\">51 \u20ac<\/p>\n<\/td>\n<td align=\"center\" valign=\"top\" width=\"223\">\n<p align=\"center\">73 \u20ac<\/p>\n<\/td>\n<\/tr>\n<\/tbody>\n<\/table>\n<div class=\"fusion-sep-clear\"><\/div><div class=\"fusion-separator fusion-full-width-sep sep-none\" style=\"margin-left: auto;margin-right: auto;margin-top:20px;\"><\/div>\n<h3><span style=\"color: #800000;\"><strong>Weihnachten 24.12-30.12.<\/strong><\/span><\/h3>\n<table border=\"1\" cellspacing=\"0\">\n<tbody>\n<tr>\n<td width=\"306\"><span style=\"color: #800000;\">BETT MIT FR\u00dcHST\u00dcCK<\/span><\/p>\n<p><span style=\"color: #800000;\">Preis pro Nacht\/Person<\/span><\/td>\n<td width=\"279\"><span style=\"color: #800000;\">HALBPENSION<\/span><\/p>\n<p><span style=\"color: #800000;\">Preis pro Nacht\/Person<\/span><\/td>\n<\/tr>\n<tr>\n<td width=\"306\"><span style=\"color: #800000;\">58 \u20ac<\/span><\/td>\n<td width=\"279\"><span style=\"color: #800000;\">80 \u20ac<\/span><\/td>\n<\/tr>\n<\/tbody>\n<\/table>\n<div class=\"fusion-sep-clear\"><\/div><div class=\"fusion-separator fusion-full-width-sep sep-none\" style=\"margin-left: auto;margin-right: auto;margin-top:20px;\"><\/div>\n<h3><span style=\"color: #800000;\"><strong>SILVESTER \u00a030.12-2.1<\/strong><\/span><\/h3>\n<table border=\"1\" cellspacing=\"0\">\n<tbody>\n<tr>\n<td width=\"306\"><span style=\"color: #800000;\">BETT MIT FR\u00dcHST\u00dcCK<\/span><\/p>\n<p><span style=\"color: #800000;\">Preis pro Nacht\/Person<\/span><\/td>\n<td width=\"279\"><span style=\"color: #800000;\">HALBPENSION<\/span><\/p>\n<p><span style=\"color: #800000;\">Preis pro Nacht\/Person<\/span><\/td>\n<\/tr>\n<tr>\n<td width=\"306\"><span style=\"color: #800000;\">59 \u20ac<\/span><\/td>\n<td width=\"279\"><span style=\"color: #800000;\">83 \u20ac<\/span><\/td>\n<\/tr>\n<\/tbody>\n<\/table>\n<div class=\"fusion-sep-clear\"><\/div><div class=\"fusion-separator fusion-full-width-sep sep-none\" style=\"margin-left: auto;margin-right: auto;margin-top:20px;\"><\/div>\n<p><strong>Zuschlag f\u00fcr eine Nacht: 20 \u20ac \/ Zimmer<\/strong><\/p>\n<p><strong>Zuschlag f\u00fcr den Aufenthalt von nur 1 Person im Zimmer: 17 \u20ac \/ Tag<\/strong><\/p>\n<p><strong>Die Kurtaxe betr\u00e4gt 3\u20ac f\u00fcr Erwachsene und 1.5\u20ac f\u00fcr Kinder zwischen 7 und 18 Jahre pro Person pro Tag und ist nicht im Preis inbegriffen.<\/strong><\/p>\n<p><strong>Kindererm\u00e4\u00dfigung:<\/strong><\/p>\n<ul>\n<li>bis 3 Jahre (GRATIS)<\/li>\n<li>von 3\u201310 Jahren (\u201350%)<\/li>\n<li>von 10\u201312 Jahren (\u201330%)<\/li>\n<li>von 12\u201315 Jahren (\u201320%)<\/li>\n<\/ul>\n<p>Die Preise verstehen sich inklusive Mehrwertsteuer. Die Preisliste gilt ab dem 10.10.2025<\/p>\n<div class=\"fusion-clearfix\"><\/div>\n\n\t\t\t\t\t<\/div>\n\t\t\t\t<\/div><div  class=\"fusion-layout-column fusion_builder_column fusion_builder_column_1_2  fusion-one-half fusion-column-last 1_2\"  style='margin-top:0px;margin-bottom:0px;width:50%;width:calc(50% - ( ( 4% ) * 0.5 ) );'>\n\t\t\t\t\t<div class=\"fusion-column-wrapper\" style=\"background-position:left top;background-repeat:no-repeat;-webkit-background-size:cover;-moz-background-size:cover;-o-background-size:cover;background-size:cover;\"  data-bg-url=\"\">\n\t\t\t\t\t\t<span class=\"fusion-imageframe imageframe-none imageframe-1 hover-type-none\"><img loading=\"lazy\" src=\"https:\/\/www.kmetija-ramsak.si\/wp-content\/uploads\/2017\/12\/ramsak-poletje.jpg\" width=\"950\" height=\"401\" alt=\"\" title=\"ramsak-poletje\" class=\"img-responsive wp-image-330\" srcset=\"https:\/\/www.kmetija-ramsak.si\/wp-content\/uploads\/2017\/12\/ramsak-poletje-200x84.jpg 200w, https:\/\/www.kmetija-ramsak.si\/wp-content\/uploads\/2017\/12\/ramsak-poletje-400x169.jpg 400w, https:\/\/www.kmetija-ramsak.si\/wp-content\/uploads\/2017\/12\/ramsak-poletje-600x253.jpg 600w, https:\/\/www.kmetija-ramsak.si\/wp-content\/uploads\/2017\/12\/ramsak-poletje-800x338.jpg 800w, https:\/\/www.kmetija-ramsak.si\/wp-content\/uploads\/2017\/12\/ramsak-poletje.jpg 950w\" sizes=\"(max-width: 800px) 100vw, 600px\" \/><\/span><span class=\"fusion-imageframe imageframe-none imageframe-2 hover-type-none\"><img loading=\"lazy\" src=\"https:\/\/www.kmetija-ramsak.si\/wp-content\/uploads\/2017\/12\/ramsak-zima.jpg\" width=\"950\" height=\"401\" alt=\"\" title=\"ramsak-zima\" class=\"img-responsive wp-image-331\" srcset=\"https:\/\/www.kmetija-ramsak.si\/wp-content\/uploads\/2017\/12\/ramsak-zima-200x84.jpg 200w, https:\/\/www.kmetija-ramsak.si\/wp-content\/uploads\/2017\/12\/ramsak-zima-400x169.jpg 400w, https:\/\/www.kmetija-ramsak.si\/wp-content\/uploads\/2017\/12\/ramsak-zima-600x253.jpg 600w, https:\/\/www.kmetija-ramsak.si\/wp-content\/uploads\/2017\/12\/ramsak-zima-800x338.jpg 800w, https:\/\/www.kmetija-ramsak.si\/wp-content\/uploads\/2017\/12\/ramsak-zima.jpg 950w\" sizes=\"(max-width: 800px) 100vw, 600px\" \/><\/span><div class=\"fusion-clearfix\"><\/div>\n\n\t\t\t\t\t<\/div>\n\t\t\t\t<\/div><div  class=\"fusion-layout-column fusion_builder_column fusion_builder_column_1_1  fusion-one-full fusion-column-first fusion-column-last 1_1\"  style='margin-top:0px;margin-bottom:0px;'>\n\t\t\t\t\t<div class=\"fusion-column-wrapper\" style=\"background-position:left top;background-repeat:no-repeat;-webkit-background-size:cover;-moz-background-size:cover;-o-background-size:cover;background-size:cover;\"  data-bg-url=\"\">\n\t\t\t\t\t\t<div class=\"fusion-title title fusion-title-center fusion-title-size-three\" style=\"margin-top:0px;margin-bottom:25px;\"><div class=\"title-sep-container title-sep-container-left\"><div class=\"title-sep sep-single sep-solid\" style=\"border-color:#628f00;\"><\/div><\/div><h3 class=\"title-heading-center\"><img loading=\"lazy\" class=\"alignnone size-full wp-image-33\" src=\"https:\/\/www.kmetija-ramsak.si\/wp-content\/uploads\/2016\/05\/rose.png\" alt=\"\" width=\"39\" height=\"44\" \/><\/h3><div class=\"title-sep-container title-sep-container-right\"><div class=\"title-sep sep-single sep-solid\" style=\"border-color:#628f00;\"><\/div><\/div><\/div><div class=\"fusion-clearfix\"><\/div>\n\n\t\t\t\t\t<\/div>\n\t\t\t\t<\/div><\/div><\/div>\n","protected":false},"excerpt":{"rendered":"","protected":false},"author":1,"featured_media":0,"parent":0,"menu_order":0,"comment_status":"closed","ping_status":"closed","template":"","meta":[],"_links":{"self":[{"href":"https:\/\/www.kmetija-ramsak.si\/de\/wp-json\/wp\/v2\/pages\/781"}],"collection":[{"href":"https:\/\/www.kmetija-ramsak.si\/de\/wp-json\/wp\/v2\/pages"}],"about":[{"href":"https:\/\/www.kmetija-ramsak.si\/de\/wp-json\/wp\/v2\/types\/page"}],"author":[{"embeddable":true,"href":"https:\/\/www.kmetija-ramsak.si\/de\/wp-json\/wp\/v2\/users\/1"}],"replies":[{"embeddable":true,"href":"https:\/\/www.kmetija-ramsak.si\/de\/wp-json\/wp\/v2\/comments?post=781"}],"version-history":[{"count":36,"href":"https:\/\/www.kmetija-ramsak.si\/de\/wp-json\/wp\/v2\/pages\/781\/revisions"}],"predecessor-version":[{"id":1322,"href":"https:\/\/www.kmetija-ramsak.si\/de\/wp-json\/wp\/v2\/pages\/781\/revisions\/1322"}],"wp:attachment":[{"href":"https:\/\/www.kmetija-ramsak.si\/de\/wp-json\/wp\/v2\/media?parent=781"}],"curies":[{"name":"wp","href":"https:\/\/api.w.org\/{rel}","templated":true}]}}