{"id":762,"date":"2018-01-13T16:35:30","date_gmt":"2018-01-13T16:35:30","guid":{"rendered":"https:\/\/www.kmetija-ramsak.si\/?page_id=762"},"modified":"2018-02-06T17:36:15","modified_gmt":"2018-02-06T17:36:15","slug":"about-us","status":"publish","type":"page","link":"https:\/\/www.kmetija-ramsak.si\/de\/about-us\/","title":{"rendered":"Uber uns"},"content":{"rendered":"<p><div  class=\"fusion-fullwidth fullwidth-box nonhundred-percent-fullwidth\"  style='background-color: rgba(255,255,255,0);background-position: center center;background-repeat: no-repeat;padding-top:0px;padding-right:0px;padding-bottom:0px;padding-left:0px;'><div class=\"fusion-builder-row fusion-row \"><div  class=\"fusion-layout-column fusion_builder_column fusion_builder_column_1_1  fusion-one-full fusion-column-first fusion-column-last 1_1\"  style='margin-top:0px;margin-bottom:0px;'>\n\t\t\t\t\t<div class=\"fusion-column-wrapper\" style=\"background-position:left top;background-repeat:no-repeat;-webkit-background-size:cover;-moz-background-size:cover;-o-background-size:cover;background-size:cover;\"  data-bg-url=\"\">\n\t\t\t\t\t\t<div class=\"fusion-title title fusion-title-center fusion-title-size-two\" style=\"margin-top:40px;margin-bottom:25px;\"><div class=\"title-sep-container title-sep-container-left\"><div class=\"title-sep sep-single sep-solid\" style=\"border-color:#628f00;\"><\/div><\/div><h2 class=\"title-heading-center\">Uber uns<\/h2><div class=\"title-sep-container title-sep-container-right\"><div class=\"title-sep sep-single sep-solid\" style=\"border-color:#628f00;\"><\/div><\/div><\/div><div class=\"fusion-content-boxes content-boxes columns row fusion-columns-1 fusion-columns-total-1 fusion-content-boxes-1 content-boxes-icon-with-title content-left\" data-animationOffset=\"100%\" style=\"margin-top:0px;margin-bottom:60px;\"><style type=\"text\/css\" scoped=\"scoped\">.fusion-content-boxes-1 .heading h2{color:#90a8ad;}\n\t\t\t\t\t.fusion-content-boxes-1 .fusion-content-box-hover .link-area-link-icon-hover .heading h2,\n\t\t\t\t\t.fusion-content-boxes-1 .fusion-content-box-hover .link-area-link-icon-hover .heading .heading-link h2,\n\t\t\t\t\t.fusion-content-boxes-1 .fusion-content-box-hover .link-area-box-hover .heading h2,\n\t\t\t\t\t.fusion-content-boxes-1 .fusion-content-box-hover .link-area-box-hover .heading .heading-link h2,\n\t\t\t\t\t.fusion-content-boxes-1 .fusion-content-box-hover .link-area-link-icon-hover.link-area-box .fusion-read-more,\n\t\t\t\t\t.fusion-content-boxes-1 .fusion-content-box-hover .link-area-link-icon-hover.link-area-box .fusion-read-more::after,\n\t\t\t\t\t.fusion-content-boxes-1 .fusion-content-box-hover .link-area-link-icon-hover.link-area-box .fusion-read-more::before,\n\t\t\t\t\t.fusion-content-boxes-1 .fusion-content-box-hover .fusion-read-more:hover:after,\n\t\t\t\t\t.fusion-content-boxes-1 .fusion-content-box-hover .fusion-read-more:hover:before,\n\t\t\t\t\t.fusion-content-boxes-1 .fusion-content-box-hover .fusion-read-more:hover,\n\t\t\t\t\t.fusion-content-boxes-1 .fusion-content-box-hover .link-area-box-hover.link-area-box .fusion-read-more,\n\t\t\t\t\t.fusion-content-boxes-1 .fusion-content-box-hover .link-area-box-hover.link-area-box .fusion-read-more::after,\n\t\t\t\t\t.fusion-content-boxes-1 .fusion-content-box-hover .link-area-box-hover.link-area-box .fusion-read-more::before,\n\t\t\t\t\t.fusion-content-boxes-1 .fusion-content-box-hover .link-area-link-icon-hover .icon .circle-no,\n\t\t\t\t\t.fusion-content-boxes-1 .heading .heading-link:hover .content-box-heading {\n\t\t\t\t\t\tcolor: #a0ce4e;\n\t\t\t\t\t}\n\t\t\t\t\t.fusion-content-boxes-1 .fusion-content-box-hover .link-area-box-hover .icon .circle-no {\n\t\t\t\t\t\tcolor: #a0ce4e !important;\n\t\t\t\t\t}.fusion-content-boxes-1 .fusion-content-box-hover .link-area-box.link-area-box-hover .fusion-content-box-button {background: #aad75b;color: #638e1a;background-image: -webkit-gradient( linear, left bottom, left top, from( #d1e990 ), to( #aad75b ) );background-image: linear-gradient( to top, #d1e990, #aad75b )}.fusion-content-boxes-1 .fusion-content-box-hover .link-area-box.link-area-box-hover .fusion-content-box-button .fusion-button-text {color: #638e1a;}\n\t\t\t\t\t.fusion-content-boxes-1 .fusion-content-box-hover .link-area-link-icon-hover .heading .icon > span {\n\t\t\t\t\t\tbackground-color: #a0ce4e !important;\n\t\t\t\t\t}\n\t\t\t\t\t.fusion-content-boxes-1 .fusion-content-box-hover .link-area-box-hover .heading .icon > span {\n\t\t\t\t\t\tborder-color: #a0ce4e !important;\n\t\t\t\t\t}<\/style><div class=\"fusion-column content-box-column content-box-column content-box-column-1 col-lg-12 col-md-12 col-sm-12 fusion-content-box-hover  content-box-column-last content-box-column-last-in-row\"><div class=\"col content-wrapper link-area-link-icon icon-hover-animation-fade\" style=\"background-color:rgba(255,255,255,0);\" data-animationOffset=\"100%\"><div class=\"fusion-clearfix\"><\/div><div class=\"content-container\" style=\"color:#747474;\">\n<p style=\"text-align: center;\">Unser Bauernhof hat eine langj\u00e4hrige Tradition, die von Generation zu Generation weitergeht. Mernik Bauernhof, heimisch Ramsak Bauernhof genannt, steht zwischen den letzten Abh\u00e4ngen der s\u00fcdlichen Seite des Pohorje-Gebirges. Lange trotzt er den eisigen Winden, die von Pohorje herunterwehen, und gr\u00fc\u00dft stolz immer neue Fr\u00fchlinge.<\/p>\n<p style=\"text-align: center;\">Die W\u00e4lder von Pohorje sind etwas Besonderes \u2013 dunkel, erfrischend duftend, reich an Waldfr\u00fcchten und Wild. Und die Luft hier oben prickelt von der Frische.<\/p>\n<p style=\"text-align: center;\">Unser Bauernhof liegt auf Pade\u0161ki vrh (Pade\u0161 Gipfel), auf halbem Wege auf der Fahrt vom St\u00e4dtchen Zre\u010de Richtung Urlaubs-Gebiet Rogla. Seit 1994 sind wir als Ferienbauernhof registriert, 1999 erwarben wir die \u00d6ko-Zertifizierung f\u00fcr Landwirtschaft.<\/p>\n<p style=\"text-align: center;\">Unter unserem Dach einrichteten wir 5 Zimmer mit 15 Betten. In unserer K\u00fcche bereiten wir alte traditionelle, teilweise fast vergessene Gerichte aus Bio-Zutaten vor, mit denen wir unsere G\u00e4ste verw\u00f6hnen.<\/p>\n<p style=\"text-align: center;\">Tauchen Sie in die wundersch\u00f6ne Natur von Zre\u0161ko Pohorje ein, sie bietet die sch\u00f6nsten Erlebnisse zu jeder Jahreszeit.\u00a0 Entdecken Sie die beruhigende Umgebung, nehmen Sie sich Zeit zum Wohlf\u00fchlen und sich selbst. Wir hei\u00dfen Sie herzlich willkommen auf unserem Bauernhof \u2013 wir freuen uns auf jeden Gast.<\/p>\n<p style=\"text-align: center;\" align=\"center\"><span lang=\"DE\"><img loading=\"lazy\" class=\"alignnone size-full wp-image-33\" src=\"https:\/\/www.kmetija-ramsak.si\/wp-content\/uploads\/2016\/05\/rose.png\" alt=\"\" width=\"39\" height=\"44\" \/>\u00a0<\/span><\/p>\n<p style=\"text-align: center;\">Familie Ram\u0161ak<\/p>\n<\/div><\/div><\/div><div class=\"fusion-clearfix\"><\/div><style type=\"text\/css\" scoped=\"scoped\">\n\t\t\t\t\t\t.fusion-content-boxes-1 .fusion-content-box-hover .heading-link:hover .icon i.circle-yes,\n\t\t\t\t\t\t.fusion-content-boxes-1 .fusion-content-box-hover .link-area-box:hover .heading-link .icon i.circle-yes,\n\t\t\t\t\t\t.fusion-content-boxes-1 .fusion-content-box-hover .link-area-link-icon-hover .heading .icon i.circle-yes,\n\t\t\t\t\t\t.fusion-content-boxes-1 .fusion-content-box-hover .link-area-box-hover .heading .icon i.circle-yes {\n\t\t\t\t\t\t\tbackground-color: #a0ce4e !important;\n\t\t\t\t\t\t\tborder-color: #a0ce4e !important;\n\t\t\t\t\t\t}<\/style><div class=\"fusion-clearfix\"><\/div><\/div><div class=\"fusion-clearfix\"><\/div>\n\n\t\t\t\t\t<\/div>\n\t\t\t\t<\/div><\/div><\/div><div  class=\"fusion-fullwidth fullwidth-box nonhundred-percent-fullwidth\"  style='background-color: rgba(255,255,255,0);background-position: center center;background-repeat: no-repeat;padding-top:0px;padding-right:0px;padding-bottom:0px;padding-left:0px;'><div class=\"fusion-builder-row fusion-row \"><div  class=\"fusion-layout-column fusion_builder_column fusion_builder_column_1_1  fusion-one-full fusion-column-first fusion-column-last 1_1\"  style='margin-top:0px;margin-bottom:0px;'>\n\t\t\t\t\t<div class=\"fusion-column-wrapper\" style=\"background-position:left top;background-repeat:no-repeat;-webkit-background-size:cover;-moz-background-size:cover;-o-background-size:cover;background-size:cover;\"  data-bg-url=\"\">\n\t\t\t\t\t\t<div class=\"imageframe-align-center\"><span class=\"fusion-imageframe imageframe-none imageframe-1 hover-type-none\"><img loading=\"lazy\" src=\"https:\/\/www.kmetija-ramsak.si\/wp-content\/uploads\/2018\/01\/received_10209011148057570-1.jpeg\" width=\"2048\" height=\"1366\" alt=\"\" title=\"received_10209011148057570\" class=\"img-responsive wp-image-658\" srcset=\"https:\/\/www.kmetija-ramsak.si\/wp-content\/uploads\/2018\/01\/received_10209011148057570-1-200x133.jpeg 200w, https:\/\/www.kmetija-ramsak.si\/wp-content\/uploads\/2018\/01\/received_10209011148057570-1-400x267.jpeg 400w, https:\/\/www.kmetija-ramsak.si\/wp-content\/uploads\/2018\/01\/received_10209011148057570-1-600x400.jpeg 600w, https:\/\/www.kmetija-ramsak.si\/wp-content\/uploads\/2018\/01\/received_10209011148057570-1-800x534.jpeg 800w, https:\/\/www.kmetija-ramsak.si\/wp-content\/uploads\/2018\/01\/received_10209011148057570-1-1200x800.jpeg 1200w, https:\/\/www.kmetija-ramsak.si\/wp-content\/uploads\/2018\/01\/received_10209011148057570-1.jpeg 2048w\" sizes=\"(max-width: 800px) 100vw, 1200px\" \/><\/span><\/div><div class=\"fusion-clearfix\"><\/div>\n\n\t\t\t\t\t<\/div>\n\t\t\t\t<\/div><\/div><\/div><\/p>\n","protected":false},"excerpt":{"rendered":"","protected":false},"author":1,"featured_media":0,"parent":0,"menu_order":0,"comment_status":"closed","ping_status":"closed","template":"","meta":[],"_links":{"self":[{"href":"https:\/\/www.kmetija-ramsak.si\/de\/wp-json\/wp\/v2\/pages\/762"}],"collection":[{"href":"https:\/\/www.kmetija-ramsak.si\/de\/wp-json\/wp\/v2\/pages"}],"about":[{"href":"https:\/\/www.kmetija-ramsak.si\/de\/wp-json\/wp\/v2\/types\/page"}],"author":[{"embeddable":true,"href":"https:\/\/www.kmetija-ramsak.si\/de\/wp-json\/wp\/v2\/users\/1"}],"replies":[{"embeddable":true,"href":"https:\/\/www.kmetija-ramsak.si\/de\/wp-json\/wp\/v2\/comments?post=762"}],"version-history":[{"count":4,"href":"https:\/\/www.kmetija-ramsak.si\/de\/wp-json\/wp\/v2\/pages\/762\/revisions"}],"predecessor-version":[{"id":887,"href":"https:\/\/www.kmetija-ramsak.si\/de\/wp-json\/wp\/v2\/pages\/762\/revisions\/887"}],"wp:attachment":[{"href":"https:\/\/www.kmetija-ramsak.si\/de\/wp-json\/wp\/v2\/media?parent=762"}],"curies":[{"name":"wp","href":"https:\/\/api.w.org\/{rel}","templated":true}]}}